{"id":927,"date":"2022-03-03T17:13:03","date_gmt":"2022-03-03T16:13:03","guid":{"rendered":"https:\/\/www.afat.ch\/?page_id=927"},"modified":"2022-06-08T14:24:38","modified_gmt":"2022-06-08T12:24:38","slug":"cinebulletin","status":"publish","type":"page","link":"https:\/\/www.afat.ch\/?page_id=927","title":{"rendered":"Cin\u00e9bulletin"},"content":{"rendered":"<div class=\"fusion-fullwidth fullwidth-box fusion-builder-row-1 fusion-flex-container nonhundred-percent-fullwidth non-hundred-percent-height-scrolling\" style=\"--awb-border-radius-top-left:0px;--awb-border-radius-top-right:0px;--awb-border-radius-bottom-right:0px;--awb-border-radius-bottom-left:0px;--awb-flex-wrap:wrap;\" ><div class=\"fusion-builder-row fusion-row fusion-flex-align-items-flex-start fusion-flex-content-wrap\" style=\"max-width:1248px;margin-left: calc(-4% \/ 2 );margin-right: calc(-4% \/ 2 );\"><div class=\"fusion-layout-column fusion_builder_column fusion-builder-column-0 fusion_builder_column_1_1 1_1 fusion-flex-column\" style=\"--awb-bg-size:cover;--awb-width-large:100%;--awb-margin-top-large:0px;--awb-spacing-right-large:1.92%;--awb-margin-bottom-large:0px;--awb-spacing-left-large:1.92%;--awb-width-medium:100%;--awb-spacing-right-medium:1.92%;--awb-spacing-left-medium:1.92%;--awb-width-small:100%;--awb-spacing-right-small:1.92%;--awb-spacing-left-small:1.92%;\"><div class=\"fusion-column-wrapper fusion-flex-justify-content-flex-start fusion-content-layout-column\"><div class=\"fusion-image-element \" style=\"--awb-margin-bottom:30px;--awb-caption-title-font-family:var(--h2_typography-font-family);--awb-caption-title-font-weight:var(--h2_typography-font-weight);--awb-caption-title-font-style:var(--h2_typography-font-style);--awb-caption-title-size:var(--h2_typography-font-size);--awb-caption-title-transform:var(--h2_typography-text-transform);--awb-caption-title-line-height:var(--h2_typography-line-height);--awb-caption-title-letter-spacing:var(--h2_typography-letter-spacing);\"><span class=\" fusion-imageframe imageframe-none imageframe-1 hover-type-none\"><img decoding=\"async\" width=\"1800\" height=\"395\" title=\"cinebulletin\" src=\"https:\/\/www.afat.ch\/wp-content\/uploads\/2022\/06\/cinebulletin.jpg\" alt class=\"img-responsive wp-image-1303\" srcset=\"https:\/\/www.afat.ch\/wp-content\/uploads\/2022\/06\/cinebulletin-200x44.jpg 200w, https:\/\/www.afat.ch\/wp-content\/uploads\/2022\/06\/cinebulletin-400x88.jpg 400w, https:\/\/www.afat.ch\/wp-content\/uploads\/2022\/06\/cinebulletin-600x132.jpg 600w, https:\/\/www.afat.ch\/wp-content\/uploads\/2022\/06\/cinebulletin-800x176.jpg 800w, https:\/\/www.afat.ch\/wp-content\/uploads\/2022\/06\/cinebulletin-1200x263.jpg 1200w, https:\/\/www.afat.ch\/wp-content\/uploads\/2022\/06\/cinebulletin.jpg 1800w\" sizes=\"(max-width: 640px) 100vw, 1200px\" \/><\/span><\/div><div class=\"fusion-text fusion-text-1\"><p><strong><a href=\"https:\/\/www.afat.ch\/wp-content\/uploads\/2022\/04\/720-cinebulletin-300x180-1.png\"><img decoding=\"async\" class=\"size-full wp-image-1233 alignright\" src=\"https:\/\/www.afat.ch\/wp-content\/uploads\/2022\/04\/720-cinebulletin-300x180-1.png\" alt=\"\" width=\"300\" height=\"180\" srcset=\"https:\/\/www.afat.ch\/wp-content\/uploads\/2022\/04\/720-cinebulletin-300x180-1-200x120.png 200w, https:\/\/www.afat.ch\/wp-content\/uploads\/2022\/04\/720-cinebulletin-300x180-1.png 300w\" sizes=\"(max-width: 300px) 100vw, 300px\" \/><\/a>AFAT sostiene da anni la rivista di cinema Cin\u00e9bulletin. Grazie al costante impegno della nostra associazione da alcuni mesi c\u2019\u00e8 una sezione in italiano, sia nella pubblicazione cartacea che in quella digitale su <a href=\"https:\/\/afat.us7.list-manage.com\/track\/click?u=30f78c6154e37de8a3ca19de9&amp;id=bffa45262c&amp;e=781b8f569d\">cinebulletin.ch<\/a>, e un membro AFAT fa parte del comitato della rivista.<\/strong><\/p>\n<p>Ogni socio AFAT pu\u00f2 ricevere gratuitamente una copia cartacea di Cin\u00e9bulletin, preghiamo dunque gli interessati, che non la ricevono gi\u00e0 tramite altri canali, di contattarci a <a href=\"mailto:info@afat.ch\">info@afat.ch<\/a> indicando l\u2019indirizzo a cui spedire la copia.<\/p>\n<p>Invitiamo inoltre chi avesse delle proposte di temi da approfondire di segnalarcelo in modo da poter inoltrare le richieste alla redazione.<\/p>\n<p><a href=\"https:\/\/cinebulletin.ch\/\">https:\/\/cinebulletin.ch\/<\/a><\/p>\n<\/div><\/div><\/div><\/div><\/div>\n","protected":false},"excerpt":{"rendered":"","protected":false},"author":7,"featured_media":0,"parent":0,"menu_order":0,"comment_status":"closed","ping_status":"closed","template":"","meta":{"footnotes":""},"class_list":["post-927","page","type-page","status-publish","hentry"],"_links":{"self":[{"href":"https:\/\/www.afat.ch\/index.php?rest_route=\/wp\/v2\/pages\/927","targetHints":{"allow":["GET"]}}],"collection":[{"href":"https:\/\/www.afat.ch\/index.php?rest_route=\/wp\/v2\/pages"}],"about":[{"href":"https:\/\/www.afat.ch\/index.php?rest_route=\/wp\/v2\/types\/page"}],"author":[{"embeddable":true,"href":"https:\/\/www.afat.ch\/index.php?rest_route=\/wp\/v2\/users\/7"}],"replies":[{"embeddable":true,"href":"https:\/\/www.afat.ch\/index.php?rest_route=%2Fwp%2Fv2%2Fcomments&post=927"}],"version-history":[{"count":7,"href":"https:\/\/www.afat.ch\/index.php?rest_route=\/wp\/v2\/pages\/927\/revisions"}],"predecessor-version":[{"id":1305,"href":"https:\/\/www.afat.ch\/index.php?rest_route=\/wp\/v2\/pages\/927\/revisions\/1305"}],"wp:attachment":[{"href":"https:\/\/www.afat.ch\/index.php?rest_route=%2Fwp%2Fv2%2Fmedia&parent=927"}],"curies":[{"name":"wp","href":"https:\/\/api.w.org\/{rel}","templated":true}]}}