{"id":456,"date":"2016-07-11T14:18:28","date_gmt":"2016-07-11T12:18:28","guid":{"rendered":"http:\/\/www.afat.ch\/?page_id=456"},"modified":"2022-06-08T14:22:09","modified_gmt":"2022-06-08T12:22:09","slug":"associazione","status":"publish","type":"page","link":"https:\/\/www.afat.ch\/?page_id=456","title":{"rendered":"AFAT"},"content":{"rendered":"<div class=\"fusion-fullwidth fullwidth-box fusion-builder-row-1 fusion-flex-container nonhundred-percent-fullwidth non-hundred-percent-height-scrolling\" style=\"--awb-border-radius-top-left:0px;--awb-border-radius-top-right:0px;--awb-border-radius-bottom-right:0px;--awb-border-radius-bottom-left:0px;--awb-flex-wrap:wrap;\" ><div class=\"fusion-builder-row fusion-row fusion-flex-align-items-flex-start fusion-flex-content-wrap\" style=\"max-width:1248px;margin-left: calc(-4% \/ 2 );margin-right: calc(-4% \/ 2 );\"><div class=\"fusion-layout-column fusion_builder_column fusion-builder-column-0 fusion_builder_column_1_1 1_1 fusion-flex-column\" style=\"--awb-bg-size:cover;--awb-width-large:100%;--awb-margin-top-large:0px;--awb-spacing-right-large:1.92%;--awb-margin-bottom-large:20px;--awb-spacing-left-large:1.92%;--awb-width-medium:100%;--awb-order-medium:0;--awb-spacing-right-medium:1.92%;--awb-spacing-left-medium:1.92%;--awb-width-small:100%;--awb-order-small:0;--awb-spacing-right-small:1.92%;--awb-spacing-left-small:1.92%;\"><div class=\"fusion-column-wrapper fusion-column-has-shadow fusion-flex-justify-content-flex-start fusion-content-layout-column\"><div class=\"fusion-image-element fusion-no-small-visibility fusion-no-medium-visibility\" style=\"--awb-margin-bottom:30px;--awb-caption-title-font-family:var(--h2_typography-font-family);--awb-caption-title-font-weight:var(--h2_typography-font-weight);--awb-caption-title-font-style:var(--h2_typography-font-style);--awb-caption-title-size:var(--h2_typography-font-size);--awb-caption-title-transform:var(--h2_typography-text-transform);--awb-caption-title-line-height:var(--h2_typography-line-height);--awb-caption-title-letter-spacing:var(--h2_typography-letter-spacing);\"><span class=\" fusion-imageframe imageframe-none imageframe-1 hover-type-none\"><img decoding=\"async\" width=\"988\" height=\"201\" title=\"Logo-AFAT.jpg\" src=\"https:\/\/www.afat.ch\/wp-content\/uploads\/2012\/12\/Logo-AFAT.jpg\" alt class=\"img-responsive wp-image-39\" srcset=\"https:\/\/www.afat.ch\/wp-content\/uploads\/2012\/12\/Logo-AFAT-300x61.jpg 300w, https:\/\/www.afat.ch\/wp-content\/uploads\/2012\/12\/Logo-AFAT-500x101.jpg 500w, https:\/\/www.afat.ch\/wp-content\/uploads\/2012\/12\/Logo-AFAT.jpg 988w\" sizes=\"(max-width: 988px) 100vw, 988px\" \/><\/span><\/div><div class=\"fusion-text fusion-text-1\" style=\"--awb-text-transform:none;\"><p><strong>AFAT \u00e8 l&#8217;acronimo di\u00a0Associazione Film Audiovisivi Ticino.<\/strong><\/p>\n<p>Fanno parte dell&#8217;associazione professionisti produttori, autori-produttori, prestatori di servizi e tecnici dell&#8217;audiovisivo risiedenti nel Canton Ticino.<\/p>\n<p>Il 7 marzo 2012 si \u00e8 svolta l\u2019assemblea costitutiva di\u00a0<strong>AFAT<\/strong> \u2013 Associazione Film Audiovisivi Ticino. L\u2019associazione nasce con lo scopo di dare un\u2019unica voce all\u2019intero settore di film e audiovisivi. In particolare AFAT vuole unire le realt\u00e0 operanti nel settore degli audiovisivi del Canton Ticino, promuovendo attivit\u00e0 economiche legate alla cultura, e iniziative intese al miglioramento e al perfezionamento professionale, nonch\u00e9 difendere e promuovere gli interessi generali e professionali dei propri membri.<\/p>\n<p>Di primaria importanza per AFAT \u00e8 inoltre interagire con le istituzioni e con gli enti intenzionati ad avere rapporti con il settore degli audiovisivi del cantone, intraprendendo nel contempo contatti al fine di promuovere il settore di film e audiovisivi in Svizzera e all\u2019estero.<\/p>\n<p>L\u2019attuale comitato \u00e8 composto da Adriano Kestenholz (presidente), Nicola Bernasconi (vice-presidente), Patrick Botticchio, Nicola Genni, Gianluca Monnier, Amel Soudani e Riccardo Studer al fine di garantire la pi\u00f9 completa rappresentanza possibile al mantenimento, sviluppo e crescita della categoria, in modo eterogeneo e trasversale.<\/p>\n<\/div><\/div><\/div><\/div><\/div>\n","protected":false},"excerpt":{"rendered":"","protected":false},"author":1,"featured_media":0,"parent":0,"menu_order":0,"comment_status":"open","ping_status":"open","template":"","meta":{"footnotes":""},"class_list":["post-456","page","type-page","status-publish","hentry"],"_links":{"self":[{"href":"https:\/\/www.afat.ch\/index.php?rest_route=\/wp\/v2\/pages\/456","targetHints":{"allow":["GET"]}}],"collection":[{"href":"https:\/\/www.afat.ch\/index.php?rest_route=\/wp\/v2\/pages"}],"about":[{"href":"https:\/\/www.afat.ch\/index.php?rest_route=\/wp\/v2\/types\/page"}],"author":[{"embeddable":true,"href":"https:\/\/www.afat.ch\/index.php?rest_route=\/wp\/v2\/users\/1"}],"replies":[{"embeddable":true,"href":"https:\/\/www.afat.ch\/index.php?rest_route=%2Fwp%2Fv2%2Fcomments&post=456"}],"version-history":[{"count":20,"href":"https:\/\/www.afat.ch\/index.php?rest_route=\/wp\/v2\/pages\/456\/revisions"}],"predecessor-version":[{"id":1297,"href":"https:\/\/www.afat.ch\/index.php?rest_route=\/wp\/v2\/pages\/456\/revisions\/1297"}],"wp:attachment":[{"href":"https:\/\/www.afat.ch\/index.php?rest_route=%2Fwp%2Fv2%2Fmedia&parent=456"}],"curies":[{"name":"wp","href":"https:\/\/api.w.org\/{rel}","templated":true}]}}